{"id":453,"date":"2020-01-21T23:22:34","date_gmt":"2020-01-21T22:22:34","guid":{"rendered":"http:\/\/localhost\/yogashri\/neu\/online\/?page_id=453"},"modified":"2020-01-22T22:13:53","modified_gmt":"2020-01-22T21:13:53","slug":"fuenf-gruende-warum-es-108-perlen-in-der-gebetskette-sind","status":"publish","type":"page","link":"http:\/\/ru.yoga-shri.de\/index.php\/fragen-antwoten\/fuenf-gruende-warum-es-108-perlen-in-der-gebetskette-sind\/","title":{"rendered":"F\u00fcnf Gr\u00fcnde, warum es 108 Perlen in der Gebetskette sind"},"content":{"rendered":"<p><a href=\"http:\/\/localhost\/yogashri\/neu\/online\/index.php\/spirituelles-wissen\/\"><em><span style=\"color: #ff6600;\">Spirituelles Wissen<\/span><\/em><\/a> &#8211; <a href=\"http:\/\/localhost\/yogashri\/neu\/online\/index.php\/fragen-antwoten\/\"><em><span style=\"color: #ff6600;\">Fragen und Antworten<\/span><\/em><\/a><\/p>\n<p><em>Shri Prakash Ji beantwortet Fragen beim Satsang am 28.10.2018<\/em><\/p>\n<p><strong>Frage:<\/strong> Warum bestehen Gebetsketten aus 108 Perlen? Was symbolisiert das?<\/p>\n<p><strong>Shri Prakash Ji:<\/strong> Diese Frage zur Gebetskette (Rosenkranz; Mala) m\u00f6chte ich im Detail erkl\u00e4ren, damit Sie das richtig verstehen. Im Sanatana Dharma haben die Gebetsketten 1<img decoding=\"async\" loading=\"lazy\" class=\"wp-image-495 alignright\" src=\"http:\/\/localhost\/yogashri\/neu\/online\/wp-content\/uploads\/2020\/01\/Kette-mit-Hand.jpg\" alt=\"\" width=\"200\" height=\"300\" \/>08 Perlen. So steht es in den Shastren, den Veden, geschrieben. Daf\u00fcr gibt es mehrere Gr\u00fcnde.<\/p>\n<p><strong>Der erste Grund<\/strong> h\u00e4ngt mit der Sonne zusammen. In der vedischen Kultur wurde die Sonne immer als Gott betrachtet.<\/p>\n<p>Warum? Weil sie, wie Sie alle wissen, die Quelle einer gro\u00dfen Energie ist. Wenn es keine Sonne g\u00e4be, w\u00fcrde es kein Leben geben. Die Sonne ist sehr wichtig! Sie galt schon immer als Gott, genannt Suryadev.<\/p>\n<p>In einem Jahr durchl\u00e4uft die Sonne 216 000 \u201cKalas\u201c (Kala: Phase in der vedischen Astrologie). Sechs Monate werden als \u201cUttarayana\u201d und die anderen sechs Monate als \u201cDakshinayana\u201d bezeichnet.<\/p>\n<p>Sechs Monate sind 108.000 Kalas. Drei Nullen weglassen und es bleiben 108 Perlen an der Gebetskette, die uns dient, die Verbindung mit der Energie der Sonne aufrechtzuerhalten.<\/p>\n<p>Wie werden die Worte \u201eUttarayana\u201c und \u201eDakshinayana\u201c \u00fcbersetzt. \u201eUttar\u201c ist der \u201eNorden\u201c und \u201eDakshin\u201c ist der S\u00fcden. Nach der Wintersonnenwende bewegt sich die Sonne nach Norden, und nach der Sommersonnenwende ist sie n\u00e4her am Horizont und bewegt sich Richtung S\u00fcden. Sechs Monate ist die Sonne im Uttarayana und sechs Monate im Dakshiyana.<\/p>\n<p>Zwei Halbjahre mit jeweils einem anderen Zustand ergeben ein ganzes Jahr, das sind 216.000 Kalas, das hei\u00dft 216.000 Phasen wechseln sich ab. Bei Sechs Monaten sind es 108.000 Phasen. Die Nullen werden weglassen, weil 108.000 Perlen an einer Gebetskette schwer zu machen sind, deshalb wurden es schlie\u00dflich 108 Perlen.<\/p>\n<p><strong>Der zweite Grund.<\/strong> Der Mensch atmet pro Tag 21.600 Mal ein und aus. Bei einem Satsang habe ich einmal gesagt, dass man , den Vorschriften nach, den Namen Gottes so viele Male wiederholen sollte, wievielmal man ein- und ausatmet, also 21.600 Mal. Ein Tag hat 24 Stunden. Wir schlafen ungef\u00e4hr 12 Stunden, und 12 Stunden tun wir etwas. Innerhalb der 12 Stunden sind es also 10.800 Atemz\u00fcge, also sollte man 10.800 Mal den Namen Gottes wiederholen. Die Nullen wieder weglassen und es ergeben sich 108 Perlen.<\/p>\n<p>Gott schenkt uns jeden Atemzug, mit jedem Atemzug sollte man Ihm Dankbarkeit erweisen und seinen Namen erklingen lassen. Wenn man den Namen Gottes bei der spirituellen Praxis rezitiert, kann man die Anzahl von 10.800 ungef\u00e4hr in 4 Stunden (100 Runden an der Gebetskette) schaffen.<\/p>\n<p><strong>Der dritte Grund.<\/strong> Diejenigen, die ein wenig Kenntnis von der Astrologie haben, werden das verstehen. In der Astrologie gibt es 12 Sternzeichen (12 Rashi) und 9 Planeten (Sonne, Mars, Ketu, Rahu, Jupiter, Merkur, Venus und andere). Multipliziert man 12 mit 9, ergibt es wieviel? 108. Deswegen sind 108 Perlen in der Gebetskette.<\/p>\n<p><strong>Der vierte Grund.<\/strong> In der indischen Astrologie (Jyotish) gibt es 27 Nakshatras (lunare Sterngruppen), und jede Nakshatra teilt sich in 4 Charanas (Phasen). Manchmal dauert ein Charana lange, dann sind Ashtmi (der achte lunare Tag) oder Navmi (der neunte lunare Tag) zwei Tage lang. Oder umgekehrt, sie gehen schneller vor\u00fcber. Die Dauer der Charanas variiert. Wenn man die 27 Nakshatras mit den 4 Charanas multipliziert, ergibt es 108. Daher 108 Perlen.<\/p>\n<p><strong>Den f\u00fcnften Grund,<\/strong> der mir pers\u00f6nlich sehr gef\u00e4llt, nenne ich als letzten. Mathematik mag ich nicht besonders. Ich habe Ihnen erz\u00e4hlt, was in den Shastren geschrieben steht.<\/p>\n<p>Die Zahl 9 ist eine sehr spirituelle Zahl. Das sage ich Ihnen aus eigener Erfahrung. Diese Zahl hat eine Verbindung zum Mars. Von allen, mit denen der Mars verbunden ist, denken wir am meisten an Hanuman, Hanuman Ji. Er ist das Symbol f\u00fcr Bhakti. Ebenso ist er das Symbol f\u00fcr Wissen, nicht nur Bhakti. Er ist das Symbol f\u00fcr Kraft. All das ist Hanuman.<\/p>\n<p><img decoding=\"async\" loading=\"lazy\" class=\"alignleft  wp-image-498\" src=\"http:\/\/localhost\/yogashri\/neu\/online\/wp-content\/uploads\/2020\/01\/planeta-Zemlja-Planet-Erde.jpg\" alt=\"\" width=\"247\" height=\"185\" srcset=\"http:\/\/ru.yoga-shri.de\/wp-content\/uploads\/2020\/01\/planeta-Zemlja-Planet-Erde.jpg 800w, http:\/\/ru.yoga-shri.de\/wp-content\/uploads\/2020\/01\/planeta-Zemlja-Planet-Erde-300x225.jpg 300w, http:\/\/ru.yoga-shri.de\/wp-content\/uploads\/2020\/01\/planeta-Zemlja-Planet-Erde-768x576.jpg 768w\" sizes=\"(max-width: 247px) 100vw, 247px\" \/>Wenn man die Zahlen von 108, 1 und 8 addiert, ergibt dies die Zahl 9, damit es mehr Bhakti gibt, mehr Wissen, damit die Atma (Seele) bei allen stark wird und alle gut und richtig leben.<\/p>\n<p>Das sind die f\u00fcnf Gr\u00fcnde, warum es 108 Perlen in der Gebetskette sind. Man kann noch weitere Gr\u00fcnde nennen. <strong>Aber der wichtigste ist mit der Sonnenenergie verbunden.<\/strong> Wenn Sie w\u00e4hrend der spirituellen Praxis das Mantra rezitieren, hatte ich Ihnen gesagt, bringt es Ihnen gute Energien vom ganzen Universum.<\/p>\n<p>Die Sonnenenergie, die durch Ozonl\u00f6cher flie\u00dft, f\u00fchrt zu Erkrankungen bei den Menschen. Einige Wissenschaftler haben sogar festgestellt, dass diejenigen, die regelm\u00e4\u00dfig das Mantra rezitieren, davon nicht betroffen sind. Das bedeutet, dass die Energie des Mantras im direkten Zusammenhang mit der Energie der Sonne steht, sowie mit allen Planeten und dem gesamten Universum. Die Anzahl der Perlen h\u00e4ngt auch damit zusammen.<\/p>\n<p>Einige Sch\u00fcler fragen mich, ob es m\u00f6glich w\u00e4re, die Mantra-Rezitation ohne Gebetskette zu praktizieren. Ich antworte immer, dass man f\u00fcr den vollen Erfolg mit einer Gebetskette praktizieren sollte.<\/p>\n","protected":false},"excerpt":{"rendered":"<p>Spirituelles Wissen &#8211; Fragen und Antworten Shri Prakash Ji beantwortet Fragen beim Satsang am 28.10.2018 Frage: Warum bestehen Gebetsketten aus 108 Perlen? Was symbolisiert das? &hellip; <\/p>\n","protected":false},"author":1,"featured_media":0,"parent":344,"menu_order":0,"comment_status":"closed","ping_status":"closed","template":"","meta":{"ngg_post_thumbnail":0},"_links":{"self":[{"href":"http:\/\/ru.yoga-shri.de\/index.php\/wp-json\/wp\/v2\/pages\/453"}],"collection":[{"href":"http:\/\/ru.yoga-shri.de\/index.php\/wp-json\/wp\/v2\/pages"}],"about":[{"href":"http:\/\/ru.yoga-shri.de\/index.php\/wp-json\/wp\/v2\/types\/page"}],"author":[{"embeddable":true,"href":"http:\/\/ru.yoga-shri.de\/index.php\/wp-json\/wp\/v2\/users\/1"}],"replies":[{"embeddable":true,"href":"http:\/\/ru.yoga-shri.de\/index.php\/wp-json\/wp\/v2\/comments?post=453"}],"version-history":[{"count":7,"href":"http:\/\/ru.yoga-shri.de\/index.php\/wp-json\/wp\/v2\/pages\/453\/revisions"}],"predecessor-version":[{"id":499,"href":"http:\/\/ru.yoga-shri.de\/index.php\/wp-json\/wp\/v2\/pages\/453\/revisions\/499"}],"up":[{"embeddable":true,"href":"http:\/\/ru.yoga-shri.de\/index.php\/wp-json\/wp\/v2\/pages\/344"}],"wp:attachment":[{"href":"http:\/\/ru.yoga-shri.de\/index.php\/wp-json\/wp\/v2\/media?parent=453"}],"curies":[{"name":"wp","href":"https:\/\/api.w.org\/{rel}","templated":true}]}}